{"id":4335,"date":"2023-11-15T17:07:31","date_gmt":"2023-11-15T14:07:31","guid":{"rendered":"https:\/\/www.sertdemir.com.tr\/v2\/?page_id=4335"},"modified":"2023-11-15T17:11:14","modified_gmt":"2023-11-15T14:11:14","slug":"is-basvuru-formu","status":"publish","type":"page","link":"https:\/\/www.sertdemir.com.tr\/v2\/is-basvuru-formu\/","title":{"rendered":"\u0130\u015f Ba\u015fvuru Formu"},"content":{"rendered":"<form action=\"https:\/\/www.sertdemir.com.tr\/v2\/is-basvuru-formu\/\" method=\"post\" data-fields-with-error=\"Found errors in the following field(s):\" class=\"avia_ajax_form av-form-labels-visible   avia-builder-el-0  avia-builder-el-no-sibling   \" data-avia-form-id=\"1\" data-avia-redirect='' ><h3 class=''>K\u0131saca Bilgilerinizi Payla\u015f\u0131n<\/h3><fieldset><p class='  first_form  form_element form_fullwidth' id='element_avia_1_1'><label for=\"avia_1_1\">Ad\u0131n\u0131z Soya\u0131n\u0131z <abbr class=\"required\" title=\"Zorunlu\">*<\/abbr><\/label> <input name=\"avia_1_1\" class=\"text_input is_empty\" type=\"text\" id=\"avia_1_1\" value=\"\" \/><\/p><p class='  first_form  form_element form_fullwidth' id='element_avia_2_1'><label for=\"avia_2_1\">Telefon<\/label> <input name=\"avia_2_1\" class=\"text_input \" type=\"text\" id=\"avia_2_1\" value=\"\" \/><\/p><p class='  first_form  form_element form_fullwidth' id='element_avia_3_1'><label for=\"avia_3_1\">Bran\u015f <abbr class=\"required\" title=\"Zorunlu\">*<\/abbr><\/label><select  name=\"avia_3_1\" class=\"select is_empty\" id=\"avia_3_1\"><option   value='Muhasebe Eleman\u0131'>Muhasebe Eleman\u0131<\/option><option   value='Vas\u0131fs\u0131z \u0130\u015f\u00e7i'>Vas\u0131fs\u0131z \u0130\u015f\u00e7i<\/option><option   value='Sevkiyat \u015eof\u00f6r\u00fc'>Sevkiyat \u015eof\u00f6r\u00fc<\/option><option   value='Testere Kesim Eleman\u0131'>Testere Kesim Eleman\u0131<\/option><option   value='\u00c7\u0131rak &amp; Stajyer'>\u00c7\u0131rak &amp; Stajyer<\/option><\/select><\/p><p class='  first_form  form_element form_fullwidth av-last-visible-form-element' id='element_avia_4_1'><label for=\"avia_4_1\" class=\"textare_label hidden textare_label_avia_4_1\">Hakk\u0131n\u0131zda <abbr class=\"required\" title=\"Zorunlu\">*<\/abbr><\/label><textarea  name=\"avia_4_1\" class=\"text_area is_empty\" cols=\"40\" rows=\"7\" id=\"avia_4_1\" ><\/textarea><\/p><p class=\"hidden\"><input type=\"text\" name=\"avia_5_1\" class=\"hidden \" id=\"avia_5_1\" value=\"\" \/><\/p><p class=\"form_element \"><input type=\"hidden\" value=\"1\" name=\"avia_generated_form1\" \/><input type=\"submit\" value=\"G\u00f6nder\" class=\"button\"  data-sending-label=\"G\u00f6nderiliyor\"\/><\/p><\/fieldset><\/form><div id=\"ajaxresponse_1\" class=\"ajaxresponse ajaxresponse_1 hidden\"><\/div>\n","protected":false},"excerpt":{"rendered":"","protected":false},"author":1,"featured_media":0,"parent":0,"menu_order":0,"comment_status":"closed","ping_status":"closed","template":"","meta":{"footnotes":""},"class_list":["post-4335","page","type-page","status-publish","hentry"],"_links":{"self":[{"href":"https:\/\/www.sertdemir.com.tr\/v2\/wp-json\/wp\/v2\/pages\/4335","targetHints":{"allow":["GET"]}}],"collection":[{"href":"https:\/\/www.sertdemir.com.tr\/v2\/wp-json\/wp\/v2\/pages"}],"about":[{"href":"https:\/\/www.sertdemir.com.tr\/v2\/wp-json\/wp\/v2\/types\/page"}],"author":[{"embeddable":true,"href":"https:\/\/www.sertdemir.com.tr\/v2\/wp-json\/wp\/v2\/users\/1"}],"replies":[{"embeddable":true,"href":"https:\/\/www.sertdemir.com.tr\/v2\/wp-json\/wp\/v2\/comments?post=4335"}],"version-history":[{"count":3,"href":"https:\/\/www.sertdemir.com.tr\/v2\/wp-json\/wp\/v2\/pages\/4335\/revisions"}],"predecessor-version":[{"id":4338,"href":"https:\/\/www.sertdemir.com.tr\/v2\/wp-json\/wp\/v2\/pages\/4335\/revisions\/4338"}],"wp:attachment":[{"href":"https:\/\/www.sertdemir.com.tr\/v2\/wp-json\/wp\/v2\/media?parent=4335"}],"curies":[{"name":"wp","href":"https:\/\/api.w.org\/{rel}","templated":true}]}}